{"id":319,"date":"2019-04-09T15:25:05","date_gmt":"2019-04-09T13:25:05","guid":{"rendered":"http:\/\/www.reve-de-sologne.fr\/v4\/?page_id=319"},"modified":"2019-04-12T17:33:49","modified_gmt":"2019-04-12T15:33:49","slug":"accueil","status":"publish","type":"page","link":"https:\/\/www.reve-de-sologne.fr\/v4\/","title":{"rendered":"Accueil"},"content":{"rendered":"\n<div class=\"wp-block-media-text alignwide\" style=\"grid-template-columns:32% auto\"><figure class=\"wp-block-media-text__media\"><img loading=\"lazy\" decoding=\"async\" width=\"640\" height=\"480\" src=\"https:\/\/www.reve-de-sologne.fr\/v4\/wp-content\/uploads\/2019\/04\/fleur-sologne.jpg\" alt=\"le Fleur de Sologne\" class=\"wp-image-424\" srcset=\"https:\/\/www.reve-de-sologne.fr\/v4\/wp-content\/uploads\/2019\/04\/fleur-sologne.jpg 640w, https:\/\/www.reve-de-sologne.fr\/v4\/wp-content\/uploads\/2019\/04\/fleur-sologne-300x225.jpg 300w\" sizes=\"auto, (max-width: 640px) 100vw, 640px\" \/><\/figure><div class=\"wp-block-media-text__content\">\n<p> <br>Les chalets \u00ab\u00a0<strong>Fleur de Sologne<\/strong>\u00a0\u00bb et \u00ab\u00a0<strong>R\u00eave bois\u00e9<\/strong>\u00a0\u00bb se situent dans un parc r\u00e9sidentiel de loisirs nomm\u00e9 \u00ab\u00a0Les Grands G\u00e2ts\u00a0\u00bb en plein c\u0153ur de la Sologne, \u00e0 la sortie d&rsquo;un petit village tr\u00e8s typique \u00ab\u00a0Souvigny en Sologne\u00a0\u00bb <br><\/p>\n<\/div><\/div>\n\n\n\n<div class=\"wp-block-media-text alignwide has-media-on-the-right\" style=\"grid-template-columns:auto 35%\"><figure class=\"wp-block-media-text__media\"><img loading=\"lazy\" decoding=\"async\" width=\"725\" height=\"480\" src=\"https:\/\/www.reve-de-sologne.fr\/v4\/wp-content\/uploads\/2019\/04\/IMG9021-Small.jpg\" alt=\"le R\u00eave Bois\u00e9\" class=\"wp-image-476\" srcset=\"https:\/\/www.reve-de-sologne.fr\/v4\/wp-content\/uploads\/2019\/04\/IMG9021-Small.jpg 725w, https:\/\/www.reve-de-sologne.fr\/v4\/wp-content\/uploads\/2019\/04\/IMG9021-Small-300x199.jpg 300w\" sizes=\"auto, (max-width: 725px) 100vw, 725px\" \/><\/figure><div class=\"wp-block-media-text__content\">\n<p> <br>Il est bord\u00e9 de <strong>for\u00eat<\/strong> et d&rsquo;un magnifique <strong>\u00e9tang<\/strong> dans un cadre de verdure avec un arbor\u00e9tum communal. <\/p>\n\n\n\n<p>Tous les chalets du parc sont des constructions en colombages dans le m\u00eame style, charme suppl\u00e9mentaire \u00e0 l&rsquo;environnement d\u00e9j\u00e0 exceptionnel.&nbsp;<\/p>\n<\/div><\/div>\n\n\n\n<div class=\"wp-block-media-text alignwide\" style=\"grid-template-columns:30% auto\"><figure class=\"wp-block-media-text__media\"><img loading=\"lazy\" decoding=\"async\" width=\"725\" height=\"480\" src=\"https:\/\/www.reve-de-sologne.fr\/v4\/wp-content\/uploads\/2019\/04\/IMG9019-Small.jpg\" alt=\"\" class=\"wp-image-462\" srcset=\"https:\/\/www.reve-de-sologne.fr\/v4\/wp-content\/uploads\/2019\/04\/IMG9019-Small.jpg 725w, https:\/\/www.reve-de-sologne.fr\/v4\/wp-content\/uploads\/2019\/04\/IMG9019-Small-300x199.jpg 300w\" sizes=\"auto, (max-width: 725px) 100vw, 725px\" \/><\/figure><div class=\"wp-block-media-text__content\">\n<p style=\"text-align:left\">Ce parc est sous vid\u00e9o surveillance, ferm\u00e9 au public par une barri\u00e8re avec un bip, \u00e0 c\u00f4t\u00e9 de la maison du gardien. <\/p>\n<\/div><\/div>\n\n\n\n<div class=\"wp-block-media-text alignwide has-media-on-the-right\" style=\"grid-template-columns:auto 30%\"><figure class=\"wp-block-media-text__media\"><img loading=\"lazy\" decoding=\"async\" width=\"640\" height=\"387\" src=\"https:\/\/www.reve-de-sologne.fr\/v4\/wp-content\/uploads\/2019\/04\/piscine640x480.jpg\" alt=\"\" class=\"wp-image-465\" srcset=\"https:\/\/www.reve-de-sologne.fr\/v4\/wp-content\/uploads\/2019\/04\/piscine640x480.jpg 640w, https:\/\/www.reve-de-sologne.fr\/v4\/wp-content\/uploads\/2019\/04\/piscine640x480-300x181.jpg 300w\" sizes=\"auto, (max-width: 640px) 100vw, 640px\" \/><\/figure><div class=\"wp-block-media-text__content\">\n<p> Il poss\u00e8de un <strong>court de tennis<\/strong>, une <strong>piscine <\/strong>d\u00e9couverte partag\u00e9e entre les  r\u00e9sidents au printemps et l&rsquo;\u00e9t\u00e9 et un <strong>terrain de boules<\/strong>. <\/p>\n<\/div><\/div>\n\n\n<p>Le r\u00e8glement int\u00e9rieur du parc r\u00e9sidentiel est affich\u00e9 dans le chalet, vous pourrez le consulter, de plus, il est affich\u00e9 \u00e9galement sous le porche \u00e0 l&rsquo;entr\u00e9e du parc.(limitation de vitesse \u00e0 l&rsquo;int\u00e9rieur du parc \u00e0 15km\/h, stationnement des v\u00e9hicules interdit dans les all\u00e9es, parking visiteurs pour les invit\u00e9s, chiens en laisse dans le parc, circulation interdite de 22h \u00e0 7h)<\/p>\n\n\n<div class=\"wp-block-button aligncenter\"><a class=\"wp-block-button__link\" href=\"https:\/\/www.reve-de-sologne.fr\/v4\/les-chalets\/\">En savoir plus &#8230;<br><\/a><\/div>\n\n\n\n<hr class=\"wp-block-separator\"\/>\n\n\n\n<div class=\"wp-block-columns has-2-columns is-layout-flex wp-container-core-columns-is-layout-9d6595d7 wp-block-columns-is-layout-flex\">\n<div class=\"wp-block-column is-layout-flow wp-block-column-is-layout-flow\">\n<p><\/p>\n<\/div>\n\n\n\n<div class=\"wp-block-column is-layout-flow wp-block-column-is-layout-flow\">\n<p><\/p>\n<\/div>\n<\/div>\n\n\n\n<h4 class=\"wp-block-heading\">Derni\u00e8res infos<\/h4>\n\n\n\n\n<ul class=\"wp-block-latest-posts__list is-grid columns-4 wp-block-latest-posts\"><li><a class=\"wp-block-latest-posts__post-title\" href=\"https:\/\/www.reve-de-sologne.fr\/v4\/sauvegarde-reve-de-sologne-updraftplus-1-24-4-2024-07-13-1504\/\">Sauvegard\u00e9\u00a0: R\u00eave de Sologne (UpdraftPlus 1.24.4) 2024-07-13 15:04<\/a><\/li>\n<li><a class=\"wp-block-latest-posts__post-title\" href=\"https:\/\/www.reve-de-sologne.fr\/v4\/sauvegarde-reve-de-sologne-updraftplus-1-24-4-2024-07-12-1518\/\">Sauvegard\u00e9\u00a0: R\u00eave de Sologne (UpdraftPlus 1.24.4) 2024-07-12 15:18<\/a><\/li>\n<li><a class=\"wp-block-latest-posts__post-title\" href=\"https:\/\/www.reve-de-sologne.fr\/v4\/sauvegarde-reve-de-sologne-updraftplus-1-24-4-2024-07-12-1508\/\">Sauvegard\u00e9\u00a0: R\u00eave de Sologne (UpdraftPlus 1.24.4) 2024-07-12 15:08<\/a><\/li>\n<li><a class=\"wp-block-latest-posts__post-title\" href=\"https:\/\/www.reve-de-sologne.fr\/v4\/sauvegarde-reve-de-sologne-updraftplus-1-24-4-2024-07-11-1506\/\">Sauvegard\u00e9\u00a0: R\u00eave de Sologne (UpdraftPlus 1.24.4) 2024-07-11 15:06<\/a><\/li>\n<li><a class=\"wp-block-latest-posts__post-title\" href=\"https:\/\/www.reve-de-sologne.fr\/v4\/reve-de-sologne-reservation-2\/\">R\u00eave de Sologne \u00ab\u00a0RESERVATION\u00a0\u00bb<\/a><\/li>\n<li><a class=\"wp-block-latest-posts__post-title\" href=\"https:\/\/www.reve-de-sologne.fr\/v4\/sauvegarde-reve-de-sologne-updraftplus-1-24-2-2024-04-10-1506\/\">Sauvegard\u00e9\u00a0: R\u00eave de Sologne (UpdraftPlus 1.24.2) 2024-04-10 15:06<\/a><\/li>\n<li><a class=\"wp-block-latest-posts__post-title\" href=\"https:\/\/www.reve-de-sologne.fr\/v4\/reve-de-sologne-vacances-dete-2024\/\">R\u00eave de Sologne \u00ab\u00a0Vacances d&rsquo;\u00e9t\u00e9 2024\u00a0\u00bb<\/a><\/li>\n<li><a class=\"wp-block-latest-posts__post-title\" href=\"https:\/\/www.reve-de-sologne.fr\/v4\/sauvegarde-reve-de-sologne-updraftplus-1-23-13-2023-12-13-1622\/\">Sauvegard\u00e9\u00a0: R\u00eave de Sologne (UpdraftPlus 1.23.13) 2023-12-13 16:22<\/a><\/li>\n<\/ul>","protected":false},"excerpt":{"rendered":"<p>Les chalets \u00ab\u00a0Fleur de Sologne\u00a0\u00bb et \u00ab\u00a0R\u00eave bois\u00e9\u00a0\u00bb se situent dans un parc r\u00e9sidentiel de loisirs nomm\u00e9 \u00ab\u00a0Les Grands G\u00e2ts\u00a0\u00bb en plein c\u0153ur de la Sologne, \u00e0 la sortie d&rsquo;un petit village tr\u00e8s typique \u00ab\u00a0Souvigny en Sologne\u00a0\u00bb Il est bord\u00e9 de for\u00eat et d&rsquo;un magnifique \u00e9tang dans un cadre de verdure avec un arbor\u00e9tum communal. Tous les chalets du parc sont des constructions en colombages dans le m\u00eame style, charme suppl\u00e9mentaire \u00e0 l&rsquo;environnement d\u00e9j\u00e0 exceptionnel.&nbsp; Ce parc est sous vid\u00e9o surveillance, ferm\u00e9 au public par une barri\u00e8re avec un bip, \u00e0 c\u00f4t\u00e9 de la maison du gardien. Il poss\u00e8de un court de tennis, une piscine d\u00e9couverte partag\u00e9e entre les r\u00e9sidents au printemps et l&rsquo;\u00e9t\u00e9 et un terrain de boules. Le r\u00e8glement int\u00e9rieur du parc r\u00e9sidentiel est affich\u00e9 dans le chalet, vous pourrez le consulter, de plus, il est affich\u00e9 \u00e9galement sous le porche \u00e0 l&rsquo;entr\u00e9e du parc.(limitation de vitesse \u00e0&hellip;<\/p>\n<p> <a class=\"more-link\" href=\"https:\/\/www.reve-de-sologne.fr\/v4\/\">Lire la suite<\/a><\/p>\n","protected":false},"author":1,"featured_media":0,"parent":0,"menu_order":0,"comment_status":"closed","ping_status":"closed","template":"","meta":{"ngg_post_thumbnail":0,"footnotes":""},"class_list":["post-319","page","type-page","status-publish"],"_links":{"self":[{"href":"https:\/\/www.reve-de-sologne.fr\/v4\/wp-json\/wp\/v2\/pages\/319","targetHints":{"allow":["GET"]}}],"collection":[{"href":"https:\/\/www.reve-de-sologne.fr\/v4\/wp-json\/wp\/v2\/pages"}],"about":[{"href":"https:\/\/www.reve-de-sologne.fr\/v4\/wp-json\/wp\/v2\/types\/page"}],"author":[{"embeddable":true,"href":"https:\/\/www.reve-de-sologne.fr\/v4\/wp-json\/wp\/v2\/users\/1"}],"replies":[{"embeddable":true,"href":"https:\/\/www.reve-de-sologne.fr\/v4\/wp-json\/wp\/v2\/comments?post=319"}],"version-history":[{"count":20,"href":"https:\/\/www.reve-de-sologne.fr\/v4\/wp-json\/wp\/v2\/pages\/319\/revisions"}],"predecessor-version":[{"id":733,"href":"https:\/\/www.reve-de-sologne.fr\/v4\/wp-json\/wp\/v2\/pages\/319\/revisions\/733"}],"wp:attachment":[{"href":"https:\/\/www.reve-de-sologne.fr\/v4\/wp-json\/wp\/v2\/media?parent=319"}],"curies":[{"name":"wp","href":"https:\/\/api.w.org\/{rel}","templated":true}]}}